{"id":2931,"date":"2019-11-07T09:31:39","date_gmt":"2019-11-07T09:31:39","guid":{"rendered":"https:\/\/brinumumezs.com\/?page_id=2931"},"modified":"2026-02-12T08:24:42","modified_gmt":"2026-02-12T08:24:42","slug":"cenas2","status":"publish","type":"page","link":"https:\/\/brinumumezs.com\/et\/cenas2\/","title":{"rendered":"CENAS"},"content":{"rendered":"<div data-elementor-type=\"wp-page\" data-elementor-id=\"2931\" class=\"elementor elementor-2931\">\n\t\t\t\t\t\t<section class=\"elementor-section elementor-top-section elementor-element elementor-element-8447204 elementor-section-boxed elementor-section-height-default elementor-section-height-default\" data-id=\"8447204\" data-element_type=\"section\" data-e-type=\"section\">\n\t\t\t\t\t\t<div class=\"elementor-container elementor-column-gap-default\">\n\t\t\t\t\t<div class=\"elementor-column elementor-col-100 elementor-top-column elementor-element elementor-element-1b3f46b\" data-id=\"1b3f46b\" data-element_type=\"column\" data-e-type=\"column\">\n\t\t\t<div class=\"elementor-widget-wrap\">\n\t\t\t\t\t\t\t<\/div>\n\t\t<\/div>\n\t\t\t\t\t<\/div>\n\t\t<\/section>\n\t\t\t\t<section class=\"elementor-section elementor-top-section elementor-element elementor-element-57e6bc3 elementor-section-boxed elementor-section-height-default elementor-section-height-default\" data-id=\"57e6bc3\" data-element_type=\"section\" data-e-type=\"section\">\n\t\t\t\t\t\t<div class=\"elementor-container elementor-column-gap-default\">\n\t\t\t\t\t<div class=\"elementor-column elementor-col-100 elementor-top-column elementor-element elementor-element-ece9b59\" data-id=\"ece9b59\" data-element_type=\"column\" data-e-type=\"column\">\n\t\t\t<div class=\"elementor-widget-wrap elementor-element-populated\">\n\t\t\t\t\t\t<div class=\"elementor-element elementor-element-bb37857 elementor-widget elementor-widget-image\" data-id=\"bb37857\" data-element_type=\"widget\" data-e-type=\"widget\" data-widget_type=\"image.default\">\n\t\t\t\t<div class=\"elementor-widget-container\">\n\t\t\t\t\t\t\t\t\t\t\t\t\t\t\t<img fetchpriority=\"high\" decoding=\"async\" width=\"800\" height=\"423\" src=\"https:\/\/brinumumezs.com\/wp-content\/uploads\/2024\/05\/cropped-logo-brinumu-mezs-2024-uz-gaisa-fona-1024x541.png\" class=\"attachment-large size-large wp-image-4289\" alt=\"\" srcset=\"https:\/\/brinumumezs.com\/wp-content\/uploads\/2024\/05\/cropped-logo-brinumu-mezs-2024-uz-gaisa-fona-1024x541.png 1024w, https:\/\/brinumumezs.com\/wp-content\/uploads\/2024\/05\/cropped-logo-brinumu-mezs-2024-uz-gaisa-fona-300x159.png 300w, https:\/\/brinumumezs.com\/wp-content\/uploads\/2024\/05\/cropped-logo-brinumu-mezs-2024-uz-gaisa-fona-768x406.png 768w, https:\/\/brinumumezs.com\/wp-content\/uploads\/2024\/05\/cropped-logo-brinumu-mezs-2024-uz-gaisa-fona-1536x812.png 1536w, https:\/\/brinumumezs.com\/wp-content\/uploads\/2024\/05\/cropped-logo-brinumu-mezs-2024-uz-gaisa-fona-18x10.png 18w, https:\/\/brinumumezs.com\/wp-content\/uploads\/2024\/05\/cropped-logo-brinumu-mezs-2024-uz-gaisa-fona-1200x634.png 1200w, https:\/\/brinumumezs.com\/wp-content\/uploads\/2024\/05\/cropped-logo-brinumu-mezs-2024-uz-gaisa-fona.png 1599w\" sizes=\"(max-width: 800px) 100vw, 800px\" \/>\t\t\t\t\t\t\t\t\t\t\t\t\t\t\t<\/div>\n\t\t\t\t<\/div>\n\t\t\t\t\t<\/div>\n\t\t<\/div>\n\t\t\t\t\t<\/div>\n\t\t<\/section>\n\t\t\t\t<section class=\"elementor-section elementor-top-section elementor-element elementor-element-6410521 elementor-section-boxed elementor-section-height-default elementor-section-height-default\" data-id=\"6410521\" data-element_type=\"section\" data-e-type=\"section\">\n\t\t\t\t\t\t\t<div class=\"elementor-background-overlay\"><\/div>\n\t\t\t\t\t\t\t<div class=\"elementor-container elementor-column-gap-default\">\n\t\t\t\t\t<div class=\"elementor-column elementor-col-100 elementor-top-column elementor-element elementor-element-119375b\" data-id=\"119375b\" data-element_type=\"column\" data-e-type=\"column\">\n\t\t\t<div class=\"elementor-widget-wrap elementor-element-populated\">\n\t\t\t\t\t\t<div class=\"elementor-element elementor-element-8943c72 elementor-widget elementor-widget-heading\" data-id=\"8943c72\" data-element_type=\"widget\" data-e-type=\"widget\" data-widget_type=\"heading.default\">\n\t\t\t\t<div class=\"elementor-widget-container\">\n\t\t\t\t\t<h2 class=\"elementor-heading-title elementor-size-default\">K\u00fclasta<\/h2>\t\t\t\t<\/div>\n\t\t\t\t<\/div>\n\t\t\t\t<div class=\"elementor-element elementor-element-d27a2c0 elementor-widget elementor-widget-text-editor\" data-id=\"d27a2c0\" data-element_type=\"widget\" data-e-type=\"widget\" data-widget_type=\"text-editor.default\">\n\t\t\t\t<div class=\"elementor-widget-container\">\n\t\t\t\t\t\t\t\t\t<h2>\u00a0<\/h2><table><thead><tr><th><strong>Pileti t\u00fc\u00fcp<\/strong><\/th><th><strong>T\u00f6\u00f6p\u00e4evad<\/strong><\/th><th><strong>Reedeti ja n\u00e4dalavahetustel<\/strong><\/th><\/tr><\/thead><tbody><tr><td><strong>1 tund<\/strong><\/td><td>9 \u20ac<\/td><td>12 \u20ac<\/td><\/tr><tr><td><strong>Ajaline piirang puudub<\/strong> (2h ja rohkem, kuni t\u00f6\u00f6aja l\u00f5puni)<\/td><td>12 \u20ac<\/td><td>15 \u20ac<\/td><\/tr><tr><td><strong>VIP-pilet<\/strong><\/td><td>17 \u20ac<\/td><td>17 \u20ac<\/td><\/tr><tr><td><strong>Saatva isiku tasu<\/strong> (alates 16. eluaastast, s\u00f5ltumata k\u00fclastuse ajast)<\/td><td>2 \u20ac<\/td><td>2 \u20ac<\/td><\/tr><\/tbody><\/table><h3>T\u00e4iendav teave:<\/h3><ul><li><strong>N\u00e4dalavahetustel ja reedeti, riigip\u00fchadel ja koolivaheaegadel kehtivad n\u00e4dalavahetuse hinnad.<\/strong><\/li><li>10% soodustus sissep\u00e4\u00e4sul 3+ kaardiga.<\/li><li><strong>8-12 kuu vanustele lastele<\/strong> allahindlus 50% sissep\u00e4\u00e4supiletile.<\/li><li><strong style=\"font-family: var(--font-primary);\">Puudega lapse puhul<\/strong><span style=\"font-family: var(--font-primary);\"> 50% soodustus sissep\u00e4\u00e4supiletile.<\/span><\/li><li><strong>Teie s\u00fcnnip\u00e4eval<\/strong> 30% soodustus sissep\u00e4\u00e4supiletile isikutunnistusega.<\/li><li><strong>VIP-pilet:<\/strong> v\u00f5imalus siseneda keskusesse ja sealt lahkuda kogu p\u00e4eva v\u00e4ltel oma \u00e4ran\u00e4gemise j\u00e4rgi.<\/li><li>Hinnad kehtivad alates 08.07.2025<\/li><\/ul><hr \/>\t\t\t\t\t\t\t\t<\/div>\n\t\t\t\t<\/div>\n\t\t\t\t<div class=\"elementor-element elementor-element-f3e22cf elementor-widget elementor-widget-heading\" data-id=\"f3e22cf\" data-element_type=\"widget\" data-e-type=\"widget\" data-widget_type=\"heading.default\">\n\t\t\t\t<div class=\"elementor-widget-container\">\n\t\t\t\t\t<h2 class=\"elementor-heading-title elementor-size-default\">Pooled<\/h2>\t\t\t\t<\/div>\n\t\t\t\t<\/div>\n\t\t\t\t\t<\/div>\n\t\t<\/div>\n\t\t\t\t\t<\/div>\n\t\t<\/section>\n\t\t\t\t<section class=\"elementor-section elementor-top-section elementor-element elementor-element-315ab93 elementor-section-boxed elementor-section-height-default elementor-section-height-default\" data-id=\"315ab93\" data-element_type=\"section\" data-e-type=\"section\">\n\t\t\t\t\t\t<div class=\"elementor-container elementor-column-gap-default\">\n\t\t\t\t\t<div class=\"elementor-column elementor-col-100 elementor-top-column elementor-element elementor-element-59fb197\" data-id=\"59fb197\" data-element_type=\"column\" data-e-type=\"column\">\n\t\t\t<div class=\"elementor-widget-wrap elementor-element-populated\">\n\t\t\t\t\t\t<div class=\"elementor-element elementor-element-31638f4 elementor-widget elementor-widget-text-editor\" data-id=\"31638f4\" data-element_type=\"widget\" data-e-type=\"widget\" data-widget_type=\"text-editor.default\">\n\t\t\t\t<div class=\"elementor-widget-container\">\n\t\t\t\t\t\t\t\t\t<table cellspacing=\"0\" cellpadding=\"0\">\n<tbody>\n<tr>\n<td valign=\"top\">\n<p><b>P\u00e4ev<\/b><b><\/b><\/p>\n<\/td>\n<td valign=\"top\">\n<p><b>N\u00e4pun\u00e4ited<\/b><b><\/b><\/p>\n<\/td>\n<td valign=\"top\">\n<p><b>Hind\/h<\/b><b><\/b><\/p>\n<\/td>\n<\/tr>\n<tr>\n<td valign=\"top\">\n<p>Esmasp\u00e4ev \/ teisip\u00e4ev<\/p>\n<\/td>\n<td valign=\"top\">\n<p>Privaatne \u00fcritus<\/p>\n<\/td>\n<td valign=\"top\">\n<p>130 \u20ac\/1h<\/p>\n<\/td>\n<\/tr>\n<tr>\n<td valign=\"top\">\n<p>Kolmap\u00e4ev \/ Neljap\u00e4ev<\/p>\n<\/td>\n<td valign=\"top\">\n<p>Avalik pidu<\/p>\n<\/td>\n<td valign=\"top\">\n<p>75 \u20ac\/1h<\/p>\n<\/td>\n<\/tr>\n<tr>\n<td valign=\"top\">\n<p>Reede<\/p>\n<\/td>\n<td valign=\"top\">\n<p>Avalik pidu<\/p>\n<\/td>\n<td valign=\"top\">\n<p>90 \u20ac\/1h<\/p>\n<\/td>\n<\/tr>\n<tr>\n<td valign=\"top\">\n<p>Laup\u00e4ev \/ p\u00fchap\u00e4ev<\/p>\n<\/td>\n<td valign=\"top\">\n<p>Avalik pidu<\/p>\n<\/td>\n<td valign=\"top\">\n<p>90 \u20ac\/1h<\/p>\n<\/td>\n<\/tr>\n<tr>\n<td valign=\"top\">\n<p>Laup\u00e4ev \/ p\u00fchap\u00e4ev<\/p>\n<\/td>\n<td valign=\"top\">\n<p>Erapoolt<\/p>\n<\/td>\n<td valign=\"top\">\n<p>260 \u20ac\/1h<\/p>\n<\/td>\n<\/tr>\n<\/tbody>\n<\/table>\n<h3>T\u00e4iendav teave:<\/h3>\n<div>&nbsp;<\/div>\n<ul>\n<li><span style=\"text-decoration: underline;\"><strong>Avalik pidu -<\/strong><\/span> Rent \u00fche peoruumi kohta kuni 25 inimesele (sh t\u00e4iskasvanutele). Hind sisaldab ka keskuses olevaid atraktsioone, kuid te kasutate neid koos teiste k\u00fclalistega sel ajal.<\/li>\n<li><span style=\"text-decoration: underline;\"><strong>Erapoolt<\/strong><\/span> - rendite kogu keskuse oma ettev\u00f5ttele. Teised k\u00fclastajad ei ole sel ajal keskuses lubatud.<\/li>\n<li><strong>N\u00e4dalavahetustel ja reedeti, riigip\u00fchadel ja koolivaheaegadel kehtivad n\u00e4dalavahetuse hinnad.<\/strong><\/li>\n<li>Hind sisaldab peoruumi ja k\u00f5iki keskuses pakutavaid atraktsioone.<\/li>\n<li>Peoruum sobib kuni 25 k\u00fclalisele.<\/li>\n<li>Kui seltskond \u00fcletab 25 inimest, kohaldatakse t\u00e4ispiletite hinda.<\/li>\n<li>Rohkemate k\u00fclaliste puhul on soovitatav korraldada privaatseid pidusid.<\/li>\n<li>Erakondlike \u00fcrituste puhul v\u00f5ib hinda suurendada s\u00f5ltuvalt \u00fcritusel osalejate arvust.<br><\/li>\n<\/ul>\t\t\t\t\t\t\t\t<\/div>\n\t\t\t\t<\/div>\n\t\t\t\t\t<\/div>\n\t\t<\/div>\n\t\t\t\t\t<\/div>\n\t\t<\/section>\n\t\t\t\t<\/div>","protected":false},"excerpt":{"rendered":"<p>Apmekl\u0113jums \u00a0 Bi\u013cetes veids Darba dien\u0101s Piektdien\u0101s un br\u012bvdien\u0101s 1 stunda 9 \u20ac 12 \u20ac Bez laika ierobe\u017eojuma (2h un vair\u0101k, l\u012bdz darba laika beig\u0101m) 12 \u20ac 15 \u20ac VIP bi\u013cete 17 \u20ac 17 \u20ac Pavado\u0161\u0101s personas maksa (no 16 gadu vecuma, neatkar\u012bgi no apmekl\u0113juma laika) 2 \u20ac 2 \u20ac Papildinform\u0101cija: Br\u012bvdien\u0101s un piektdien\u0101s, sv\u0113tku [&hellip;]<\/p>\n","protected":false},"author":1,"featured_media":0,"parent":0,"menu_order":0,"comment_status":"closed","ping_status":"closed","template":"elementor_header_footer","meta":{"_joinchat":[],"footnotes":""},"class_list":["post-2931","page","type-page","status-publish","hentry"],"jetpack_sharing_enabled":true,"_links":{"self":[{"href":"https:\/\/brinumumezs.com\/et\/wp-json\/wp\/v2\/pages\/2931","targetHints":{"allow":["GET"]}}],"collection":[{"href":"https:\/\/brinumumezs.com\/et\/wp-json\/wp\/v2\/pages"}],"about":[{"href":"https:\/\/brinumumezs.com\/et\/wp-json\/wp\/v2\/types\/page"}],"author":[{"embeddable":true,"href":"https:\/\/brinumumezs.com\/et\/wp-json\/wp\/v2\/users\/1"}],"replies":[{"embeddable":true,"href":"https:\/\/brinumumezs.com\/et\/wp-json\/wp\/v2\/comments?post=2931"}],"version-history":[{"count":100,"href":"https:\/\/brinumumezs.com\/et\/wp-json\/wp\/v2\/pages\/2931\/revisions"}],"predecessor-version":[{"id":4730,"href":"https:\/\/brinumumezs.com\/et\/wp-json\/wp\/v2\/pages\/2931\/revisions\/4730"}],"wp:attachment":[{"href":"https:\/\/brinumumezs.com\/et\/wp-json\/wp\/v2\/media?parent=2931"}],"curies":[{"name":"wp","href":"https:\/\/api.w.org\/{rel}","templated":true}]}}