{"id":2921,"date":"2019-11-07T09:21:18","date_gmt":"2019-11-07T09:21:18","guid":{"rendered":"https:\/\/brinumumezs.com\/?page_id=2921"},"modified":"2019-11-07T10:58:19","modified_gmt":"2019-11-07T10:58:19","slug":"noteikumi-2","status":"publish","type":"page","link":"https:\/\/brinumumezs.com\/et\/noteikumi-2\/","title":{"rendered":"EESKIRJAD"},"content":{"rendered":"<div data-elementor-type=\"wp-page\" data-elementor-id=\"2921\" class=\"elementor elementor-2921\">\n\t\t\t\t\t\t<section class=\"elementor-section elementor-top-section elementor-element elementor-element-ff496d9 elementor-section-boxed elementor-section-height-default elementor-section-height-default\" data-id=\"ff496d9\" data-element_type=\"section\" data-e-type=\"section\">\n\t\t\t\t\t\t<div class=\"elementor-container elementor-column-gap-default\">\n\t\t\t\t\t<div class=\"elementor-column elementor-col-100 elementor-top-column elementor-element elementor-element-77f472a\" data-id=\"77f472a\" data-element_type=\"column\" data-e-type=\"column\">\n\t\t\t<div class=\"elementor-widget-wrap elementor-element-populated\">\n\t\t\t\t\t\t<div class=\"elementor-element elementor-element-b014e71 elementor-widget elementor-widget-spacer\" data-id=\"b014e71\" data-element_type=\"widget\" data-e-type=\"widget\" data-widget_type=\"spacer.default\">\n\t\t\t\t<div class=\"elementor-widget-container\">\n\t\t\t\t\t\t\t<div class=\"elementor-spacer\">\n\t\t\t<div class=\"elementor-spacer-inner\"><\/div>\n\t\t<\/div>\n\t\t\t\t\t\t<\/div>\n\t\t\t\t<\/div>\n\t\t\t\t\t<\/div>\n\t\t<\/div>\n\t\t\t\t\t<\/div>\n\t\t<\/section>\n\t\t\t\t<section class=\"elementor-section elementor-top-section elementor-element elementor-element-180ed29 elementor-section-boxed elementor-section-height-default elementor-section-height-default\" data-id=\"180ed29\" data-element_type=\"section\" data-e-type=\"section\">\n\t\t\t\t\t\t<div class=\"elementor-container elementor-column-gap-default\">\n\t\t\t\t\t<div class=\"elementor-column elementor-col-100 elementor-top-column elementor-element elementor-element-2b456ca\" data-id=\"2b456ca\" data-element_type=\"column\" data-e-type=\"column\">\n\t\t\t<div class=\"elementor-widget-wrap elementor-element-populated\">\n\t\t\t\t\t\t<div class=\"elementor-element elementor-element-6b3eb0b elementor-widget elementor-widget-heading\" data-id=\"6b3eb0b\" data-element_type=\"widget\" data-e-type=\"widget\" data-widget_type=\"heading.default\">\n\t\t\t\t<div class=\"elementor-widget-container\">\n\t\t\t\t\t<h2 class=\"elementor-heading-title elementor-size-default\">Reeglid<\/h2>\t\t\t\t<\/div>\n\t\t\t\t<\/div>\n\t\t\t\t<div class=\"elementor-element elementor-element-86a99d8 elementor-widget-divider--view-line elementor-invisible elementor-widget elementor-widget-divider\" data-id=\"86a99d8\" data-element_type=\"widget\" data-e-type=\"widget\" data-settings=\"{&quot;_animation&quot;:&quot;fadeInLeft&quot;,&quot;_animation_mobile&quot;:&quot;fadeInLeft&quot;}\" data-widget_type=\"divider.default\">\n\t\t\t\t<div class=\"elementor-widget-container\">\n\t\t\t\t\t\t\t<div class=\"elementor-divider\">\n\t\t\t<span class=\"elementor-divider-separator\">\n\t\t\t\t\t\t<\/span>\n\t\t<\/div>\n\t\t\t\t\t\t<\/div>\n\t\t\t\t<\/div>\n\t\t\t\t<div class=\"elementor-element elementor-element-e3262ed elementor-widget elementor-widget-image\" data-id=\"e3262ed\" data-element_type=\"widget\" data-e-type=\"widget\" data-widget_type=\"image.default\">\n\t\t\t\t<div class=\"elementor-widget-container\">\n\t\t\t\t\t\t\t\t\t\t\t\t\t\t\t<img fetchpriority=\"high\" decoding=\"async\" width=\"300\" height=\"300\" src=\"https:\/\/brinumumezs.com\/wp-content\/uploads\/2019\/10\/Asset-2-2.png\" class=\"attachment-large size-large wp-image-2572\" alt=\"\" srcset=\"https:\/\/brinumumezs.com\/wp-content\/uploads\/2019\/10\/Asset-2-2.png 300w, https:\/\/brinumumezs.com\/wp-content\/uploads\/2019\/10\/Asset-2-2-150x150.png 150w\" sizes=\"(max-width: 300px) 100vw, 300px\" \/>\t\t\t\t\t\t\t\t\t\t\t\t\t\t\t<\/div>\n\t\t\t\t<\/div>\n\t\t\t\t\t<\/div>\n\t\t<\/div>\n\t\t\t\t\t<\/div>\n\t\t<\/section>\n\t\t\t\t<section class=\"elementor-section elementor-top-section elementor-element elementor-element-b02578d elementor-section-boxed elementor-section-height-default elementor-section-height-default\" data-id=\"b02578d\" data-element_type=\"section\" data-e-type=\"section\" data-settings=\"{&quot;background_background&quot;:&quot;classic&quot;}\">\n\t\t\t\t\t\t\t<div class=\"elementor-background-overlay\"><\/div>\n\t\t\t\t\t\t\t<div class=\"elementor-container elementor-column-gap-default\">\n\t\t\t\t\t<div class=\"elementor-column elementor-col-100 elementor-top-column elementor-element elementor-element-21996e8\" data-id=\"21996e8\" data-element_type=\"column\" data-e-type=\"column\">\n\t\t\t<div class=\"elementor-widget-wrap elementor-element-populated\">\n\t\t\t\t\t\t<div class=\"elementor-element elementor-element-a91e727 elementor-widget elementor-widget-text-editor\" data-id=\"a91e727\" data-element_type=\"widget\" data-e-type=\"widget\" data-widget_type=\"text-editor.default\">\n\t\t\t\t<div class=\"elementor-widget-container\">\n\t\t\t\t\t\t\t\t\t<p class=\"p1\"><span class=\"s1\">1. Lapsi ei j\u00e4eta \u00fcksi \"Imede metsa\" ilma vastutava t\u00e4iskasvanu juuresolekuta. Lapsevanemad v\u00f5i teised lastega kaasas olevad isikud vastutavad laste eest m\u00e4ngukeskuses.<\/span><\/p><p class=\"p1\"><span class=\"s1\">2. \u00dcleriided ja jalan\u00f5ud tuleb j\u00e4tta garderoobi.<\/span><\/p><p class=\"p1\"><span class=\"s1\">3. Lapsevankrid on lubatud sissep\u00e4\u00e4su juures asuvas garderoobis. M\u00e4nguv\u00e4ljakule tohib tuua ainult ratastega lapsevankrit v\u00f5i lapsevankrit.<\/span><\/p><p class=\"p1\"><span class=\"s1\">4. H\u00fcgieenilistel p\u00f5hjustel v\u00f5ivad nii t\u00e4iskasvanud kui ka lapsed kanda m\u00e4nguv\u00e4ljakul ainult sokke. Ainsad lubatud jalan\u00f5ud on tantsusussid v\u00f5i \"t\u0161eskad\". Paljajalu ei ole lubatud, ka mitte suvel!<\/span><\/p><p class=\"p1\"><span class=\"s1\">5. Keelatud on tuua oma toitu ja jooke, v\u00e4lja arvatud juhul, kui peoruum on broneeritud. Erand - toit alla 2-aastastele lastele.\u00a0<\/span><\/p><p class=\"p1\"><span class=\"s1\">6. Halduril on \u00f5igus kutsuda munitsipaalpolitsei, kui keelust ei peeta kinni.<\/span><\/p><p class=\"p1\"><span class=\"s1\">7. beebide hooldamine ja m\u00e4hkmete vahetamine toimub selleks etten\u00e4htud ruumis - \"mammaruumis\". M\u00e4hkmete vahetamine ja nende j\u00e4tmine keskuse teistesse ruumidesse on keelatud.\u00a0<\/span><\/p><p class=\"p1\"><span class=\"s1\">8.Lugege hoolikalt l\u00e4bi \"Imede metsa\" iga m\u00e4nguv\u00e4ljaku juhised ja vanusepiirangud.\u00a0<\/span><\/p><p class=\"p1\"><span class=\"s1\">9. Vastutav t\u00e4iskasvanu vastutab toodud lapse v\u00f5i laster\u00fchma ohutuse eest.\u00a0<\/span><\/p><p class=\"p1\"><span class=\"s1\">10. Vastutav t\u00e4iskasvanu tagab, et keskusesse toodud laps v\u00f5i laster\u00fchm ei kahjustaks keskuse varustust ja sisustust k\u00fclastuse ajal.<\/span><\/p><p class=\"p1\"><span class=\"s1\">11.Vastutav t\u00e4iskasvanu peab teatama haldurile k\u00f5igist m\u00e4nguv\u00e4ljakute v\u00f5i nende rekvisiitide kahjustustest.<\/span><\/p><p class=\"p1\"><span class=\"s1\">12.Vastutav t\u00e4iskasvanu ei tohi sallida toodud lapse v\u00f5i laster\u00fchma agressiivset k\u00e4itumist teiste keskuse k\u00fclastajate suhtes.\u00a0<\/span><\/p><p class=\"p1\"><span class=\"s1\">13. Palun j\u00e4rgige \u00fcldtunnustatud reegleid avaliku tualeti kasutamise kohta - loputamine, harja kasutamine, tualettklaaside langetamine jne - ning veenduge, et teie toodud lapsed on tualetist lahkunud heas korras ja vajadusel puhastage see. Palun teavitage administraatorit, kui tualett on korrastamata.\u00a0<\/span><\/p><p class=\"p1\"><span class=\"s1\">14. M\u00e4ngukeskus ei vastuta k\u00fclastajatega juhtuda v\u00f5ivate \u00f5nnetuste eest, v\u00e4lja arvatud juhul, kui need on p\u00f5hjustatud m\u00e4ngukeskuse varustuse kahjustamisest. K\u00f5ik eritellimusel valmistatud atraktsioonid vastavad Euroopa standarditele EN1176-1, EN1176-7, EN957-1.\u00a0<\/span><\/p><p class=\"p1\"><span class=\"s1\">15.Keskus ei vastuta kadunud v\u00f5i varastatud vara eest. M\u00e4ngukeskusest leitud kadunud v\u00f5i unustatud esemeid hoitakse 4 n\u00e4dalat alates nende leidmisest, misj\u00e4rel annetatakse need heategevuseks.<\/span><\/p><p class=\"p1\"><span class=\"s1\">Kui m\u00f5ni k\u00fclastaja ei j\u00e4rgi keskuse eeskirju, h\u00e4irib teisi k\u00fclastajaid, k\u00e4itub agressiivselt, on ebaviisakas v\u00f5i solvab teiste k\u00fclastajate v\u00f5i personali suhtes, on administraatoril \u00f5igus sellised isikud keskusest v\u00e4lja saata ilma piletitasu tagastamata.<\/span><\/p><p class=\"p1\"><span class=\"s1\"><b>Mittevastavuse korral on administraatoril \u00f5igus kutsuda turvateenistust.<\/b>.<\/span><\/p>\t\t\t\t\t\t\t\t<\/div>\n\t\t\t\t<\/div>\n\t\t\t\t\t<\/div>\n\t\t<\/div>\n\t\t\t\t\t<\/div>\n\t\t<\/section>\n\t\t\t\t<\/div>","protected":false},"excerpt":{"rendered":"<p>noteikumi 1. B\u0113rni netiek atst\u0101ti \u201cBr\u012bnumu me\u017e\u0101\u201d vieni pa\u0161i bez atbild\u012bg\u0101 pieaugu\u0161\u0101 kl\u0101tb\u016btnes. Rota\u013cu centr\u0101 par b\u0113rniem atbild vec\u0101ki vai citas b\u0113rnu pavado\u0161\u0101s personas. 2. Virsdr\u0113bes un apavi ir j\u0101atst\u0101j garderob\u0113. 3. B\u0113rnu rati\u0146us at\u013cauts novietot garderob\u0113 pie ieejas. B\u0113rnu laukum\u0101 dr\u012bkst ienest tikai ratu kulbu bez rite\u0146iem vai mazu\u013cu s\u0113dekl\u012bti. 4. Higi\u0113nisko apsv\u0113rumu d\u0113\u013c [&hellip;]<\/p>\n","protected":false},"author":1,"featured_media":0,"parent":0,"menu_order":0,"comment_status":"closed","ping_status":"closed","template":"elementor_header_footer","meta":{"_joinchat":[],"footnotes":""},"class_list":["post-2921","page","type-page","status-publish","hentry"],"jetpack_sharing_enabled":true,"_links":{"self":[{"href":"https:\/\/brinumumezs.com\/et\/wp-json\/wp\/v2\/pages\/2921","targetHints":{"allow":["GET"]}}],"collection":[{"href":"https:\/\/brinumumezs.com\/et\/wp-json\/wp\/v2\/pages"}],"about":[{"href":"https:\/\/brinumumezs.com\/et\/wp-json\/wp\/v2\/types\/page"}],"author":[{"embeddable":true,"href":"https:\/\/brinumumezs.com\/et\/wp-json\/wp\/v2\/users\/1"}],"replies":[{"embeddable":true,"href":"https:\/\/brinumumezs.com\/et\/wp-json\/wp\/v2\/comments?post=2921"}],"version-history":[{"count":8,"href":"https:\/\/brinumumezs.com\/et\/wp-json\/wp\/v2\/pages\/2921\/revisions"}],"predecessor-version":[{"id":2993,"href":"https:\/\/brinumumezs.com\/et\/wp-json\/wp\/v2\/pages\/2921\/revisions\/2993"}],"wp:attachment":[{"href":"https:\/\/brinumumezs.com\/et\/wp-json\/wp\/v2\/media?parent=2921"}],"curies":[{"name":"wp","href":"https:\/\/api.w.org\/{rel}","templated":true}]}}