{"id":2921,"date":"2019-11-07T09:21:18","date_gmt":"2019-11-07T09:21:18","guid":{"rendered":"https:\/\/brinumumezs.com\/?page_id=2921"},"modified":"2019-11-07T10:58:19","modified_gmt":"2019-11-07T10:58:19","slug":"noteikumi-2","status":"publish","type":"page","link":"https:\/\/brinumumezs.com\/en\/noteikumi-2\/","title":{"rendered":"RULES"},"content":{"rendered":"<div data-elementor-type=\"wp-page\" data-elementor-id=\"2921\" class=\"elementor elementor-2921\">\n\t\t\t\t\t\t<section class=\"elementor-section elementor-top-section elementor-element elementor-element-ff496d9 elementor-section-boxed elementor-section-height-default elementor-section-height-default\" data-id=\"ff496d9\" data-element_type=\"section\" data-e-type=\"section\">\n\t\t\t\t\t\t<div class=\"elementor-container elementor-column-gap-default\">\n\t\t\t\t\t<div class=\"elementor-column elementor-col-100 elementor-top-column elementor-element elementor-element-77f472a\" data-id=\"77f472a\" data-element_type=\"column\" data-e-type=\"column\">\n\t\t\t<div class=\"elementor-widget-wrap elementor-element-populated\">\n\t\t\t\t\t\t<div class=\"elementor-element elementor-element-b014e71 elementor-widget elementor-widget-spacer\" data-id=\"b014e71\" data-element_type=\"widget\" data-e-type=\"widget\" data-widget_type=\"spacer.default\">\n\t\t\t\t<div class=\"elementor-widget-container\">\n\t\t\t\t\t\t\t<div class=\"elementor-spacer\">\n\t\t\t<div class=\"elementor-spacer-inner\"><\/div>\n\t\t<\/div>\n\t\t\t\t\t\t<\/div>\n\t\t\t\t<\/div>\n\t\t\t\t\t<\/div>\n\t\t<\/div>\n\t\t\t\t\t<\/div>\n\t\t<\/section>\n\t\t\t\t<section class=\"elementor-section elementor-top-section elementor-element elementor-element-180ed29 elementor-section-boxed elementor-section-height-default elementor-section-height-default\" data-id=\"180ed29\" data-element_type=\"section\" data-e-type=\"section\">\n\t\t\t\t\t\t<div class=\"elementor-container elementor-column-gap-default\">\n\t\t\t\t\t<div class=\"elementor-column elementor-col-100 elementor-top-column elementor-element elementor-element-2b456ca\" data-id=\"2b456ca\" data-element_type=\"column\" data-e-type=\"column\">\n\t\t\t<div class=\"elementor-widget-wrap elementor-element-populated\">\n\t\t\t\t\t\t<div class=\"elementor-element elementor-element-6b3eb0b elementor-widget elementor-widget-heading\" data-id=\"6b3eb0b\" data-element_type=\"widget\" data-e-type=\"widget\" data-widget_type=\"heading.default\">\n\t\t\t\t<div class=\"elementor-widget-container\">\n\t\t\t\t\t<h2 class=\"elementor-heading-title elementor-size-default\">Rules<\/h2>\t\t\t\t<\/div>\n\t\t\t\t<\/div>\n\t\t\t\t<div class=\"elementor-element elementor-element-86a99d8 elementor-widget-divider--view-line elementor-invisible elementor-widget elementor-widget-divider\" data-id=\"86a99d8\" data-element_type=\"widget\" data-e-type=\"widget\" data-settings=\"{&quot;_animation&quot;:&quot;fadeInLeft&quot;,&quot;_animation_mobile&quot;:&quot;fadeInLeft&quot;}\" data-widget_type=\"divider.default\">\n\t\t\t\t<div class=\"elementor-widget-container\">\n\t\t\t\t\t\t\t<div class=\"elementor-divider\">\n\t\t\t<span class=\"elementor-divider-separator\">\n\t\t\t\t\t\t<\/span>\n\t\t<\/div>\n\t\t\t\t\t\t<\/div>\n\t\t\t\t<\/div>\n\t\t\t\t<div class=\"elementor-element elementor-element-e3262ed elementor-widget elementor-widget-image\" data-id=\"e3262ed\" data-element_type=\"widget\" data-e-type=\"widget\" data-widget_type=\"image.default\">\n\t\t\t\t<div class=\"elementor-widget-container\">\n\t\t\t\t\t\t\t\t\t\t\t\t\t\t\t<img fetchpriority=\"high\" decoding=\"async\" width=\"300\" height=\"300\" src=\"https:\/\/brinumumezs.com\/wp-content\/uploads\/2019\/10\/Asset-2-2.png\" class=\"attachment-large size-large wp-image-2572\" alt=\"\" srcset=\"https:\/\/brinumumezs.com\/wp-content\/uploads\/2019\/10\/Asset-2-2.png 300w, https:\/\/brinumumezs.com\/wp-content\/uploads\/2019\/10\/Asset-2-2-150x150.png 150w\" sizes=\"(max-width: 300px) 100vw, 300px\" \/>\t\t\t\t\t\t\t\t\t\t\t\t\t\t\t<\/div>\n\t\t\t\t<\/div>\n\t\t\t\t\t<\/div>\n\t\t<\/div>\n\t\t\t\t\t<\/div>\n\t\t<\/section>\n\t\t\t\t<section class=\"elementor-section elementor-top-section elementor-element elementor-element-b02578d elementor-section-boxed elementor-section-height-default elementor-section-height-default\" data-id=\"b02578d\" data-element_type=\"section\" data-e-type=\"section\" data-settings=\"{&quot;background_background&quot;:&quot;classic&quot;}\">\n\t\t\t\t\t\t\t<div class=\"elementor-background-overlay\"><\/div>\n\t\t\t\t\t\t\t<div class=\"elementor-container elementor-column-gap-default\">\n\t\t\t\t\t<div class=\"elementor-column elementor-col-100 elementor-top-column elementor-element elementor-element-21996e8\" data-id=\"21996e8\" data-element_type=\"column\" data-e-type=\"column\">\n\t\t\t<div class=\"elementor-widget-wrap elementor-element-populated\">\n\t\t\t\t\t\t<div class=\"elementor-element elementor-element-a91e727 elementor-widget elementor-widget-text-editor\" data-id=\"a91e727\" data-element_type=\"widget\" data-e-type=\"widget\" data-widget_type=\"text-editor.default\">\n\t\t\t\t<div class=\"elementor-widget-container\">\n\t\t\t\t\t\t\t\t\t<p class=\"p1\"><span class=\"s1\">1. Children are not left alone in the playground without the presence of an adult. At the play center, parents or other accompanying persons are responsible for the children.<\/span><\/p><p class=\"p1\"><span class=\"s1\">2. Outerwear and footwear should be left in the wardrobe.<\/span><\/p><p class=\"p1\"><span class=\"s1\">3. Stroller may be placed in the wardrobe at the entrance. Only a softbed without wheels can be brought into the play area.<\/span><\/p><p class=\"p1\"><span class=\"s1\">4. For hygienic reasons, both adults and children in the playground should be kept in socks only. The only shoes allowed are dancing slippers. Barefoot is not allowed, even in summer!<\/span><\/p><p class=\"p1\"><span class=\"s1\">5. It is forbidden to bring your own food and drink unless a party room is booked. Exception - food for children under 2 years.\u00a0<\/span><\/p><p class=\"p1\"><span class=\"s1\">6. It is forbidden to consume alcohol and be under the influence of alcohol. The administrator has the right to call the municipal police if the ban is not respected.<\/span><\/p><p class=\"p1\"><span class=\"s1\">7. Baby care and replacement of the diapers are carried out in a designated area, the 'Mothers Room'. It is forbidden to change the diapers and leave them in the center.\u00a0<\/span><\/p><p class=\"p1\"><span class=\"s1\">8. Carefully read the instructions for use and age restrictions for each Playground attraction.\u00a0<\/span><\/p><p class=\"p1\"><span class=\"s1\">9. The responsible adult shall be responsible for the safety of the child or group of children brought.\u00a0<\/span><\/p><p class=\"p1\"><span class=\"s1\">10. The responsible adult shall ensure that the child or group of children brought in is not injured during the visit to the center.<\/span><\/p><p class=\"p1\"><span class=\"s1\">11. The responsible adult shall notify the administrator of any damage to the playground or its property.<\/span><\/p><p class=\"p1\"><span class=\"s1\">12. The responsible adult does not allow the \nchild or group of children to behave aggressively towards other visitors in the center.\u00a0<\/span><\/p><p class=\"p1\"><span class=\"s1\">13. Please follow the generally accepted rules for using the public toilet - flushing water, using a brush, flushing the toilet etc., and requesting that the children brought in leave the toilet properly and, if necessary, cleaned. Please inform the administrator of clutter in the toilet.\u00a0<\/span><\/p><p class=\"p1\"><span class=\"s1\">14. The playground shall not be liable for any accidents that may occur to visitors, except those caused by damage to the equipment of the Center. All custom-made attractions comply with European standards EN1176-1, EN 1176-7, EN957-1.\u00a0<\/span><\/p><p class=\"p1\"><span class=\"s1\">15. The Center is not  liable for lost or stolen property. Lost or forgotten items found at the playground are stored for 4 weeks from the time they are found, then donated to charity.<\/span><\/p><p class=\"p1\"><span class=\"s1\">If any visitor fails to comply with the Center 's internal rules, obstructs other visitors, or behaves aggressively, rude or abusive towards other visitors or staff, the administrator is entitled to prohibit such persons from being in the center without reimbursement of the entrance fee.<\/span><\/p><p class=\"p1\"><span class=\"s1\"><b>In case of non-compliance, the administrator has the right to call the security guard.<\/b>.<\/span><\/p>\t\t\t\t\t\t\t\t<\/div>\n\t\t\t\t<\/div>\n\t\t\t\t\t<\/div>\n\t\t<\/div>\n\t\t\t\t\t<\/div>\n\t\t<\/section>\n\t\t\t\t<\/div>","protected":false},"excerpt":{"rendered":"<p>noteikumi 1. B\u0113rni netiek atst\u0101ti \u201cBr\u012bnumu me\u017e\u0101\u201d vieni pa\u0161i bez atbild\u012bg\u0101 pieaugu\u0161\u0101 kl\u0101tb\u016btnes. Rota\u013cu centr\u0101 par b\u0113rniem atbild vec\u0101ki vai citas b\u0113rnu pavado\u0161\u0101s personas. 2. Virsdr\u0113bes un apavi ir j\u0101atst\u0101j garderob\u0113. 3. B\u0113rnu rati\u0146us at\u013cauts novietot garderob\u0113 pie ieejas. B\u0113rnu laukum\u0101 dr\u012bkst ienest tikai ratu kulbu bez rite\u0146iem vai mazu\u013cu s\u0113dekl\u012bti. 4. Higi\u0113nisko apsv\u0113rumu d\u0113\u013c [&hellip;]<\/p>\n","protected":false},"author":1,"featured_media":0,"parent":0,"menu_order":0,"comment_status":"closed","ping_status":"closed","template":"elementor_header_footer","meta":{"_joinchat":[],"footnotes":""},"class_list":["post-2921","page","type-page","status-publish","hentry"],"jetpack_sharing_enabled":true,"_links":{"self":[{"href":"https:\/\/brinumumezs.com\/en\/wp-json\/wp\/v2\/pages\/2921","targetHints":{"allow":["GET"]}}],"collection":[{"href":"https:\/\/brinumumezs.com\/en\/wp-json\/wp\/v2\/pages"}],"about":[{"href":"https:\/\/brinumumezs.com\/en\/wp-json\/wp\/v2\/types\/page"}],"author":[{"embeddable":true,"href":"https:\/\/brinumumezs.com\/en\/wp-json\/wp\/v2\/users\/1"}],"replies":[{"embeddable":true,"href":"https:\/\/brinumumezs.com\/en\/wp-json\/wp\/v2\/comments?post=2921"}],"version-history":[{"count":8,"href":"https:\/\/brinumumezs.com\/en\/wp-json\/wp\/v2\/pages\/2921\/revisions"}],"predecessor-version":[{"id":2993,"href":"https:\/\/brinumumezs.com\/en\/wp-json\/wp\/v2\/pages\/2921\/revisions\/2993"}],"wp:attachment":[{"href":"https:\/\/brinumumezs.com\/en\/wp-json\/wp\/v2\/media?parent=2921"}],"curies":[{"name":"wp","href":"https:\/\/api.w.org\/{rel}","templated":true}]}}